{"id":17,"date":"2024-01-09T13:47:08","date_gmt":"2024-01-09T12:47:08","guid":{"rendered":"http:\/\/choisir-son-mobile.fr\/?page_id=17"},"modified":"2024-01-09T13:47:08","modified_gmt":"2024-01-09T12:47:08","slug":"home","status":"publish","type":"page","link":"https:\/\/choisir-son-mobile.fr\/","title":{"rendered":"Home"},"content":{"rendered":"<section class=\"hts-section hts-hero\">\n    <div class=\"hts-hero-spacer\"><\/div>\n    <div class=\"hts-hero-content\">\n        <div class=\"hts-hero-image\">\n            <img decoding=\"async\" src=\"https:\/\/images.unsplash.com\/photo-1522125670776-3c7abb882bc2?crop=entropy\" alt=\"background\" \/>\n        <\/div>\n        <div class=\"hts-hero-block\">\n            <div class=\"hts-hero-body\">\n                <div class=\"hts-hero-details\">\n                    <div>\n                        <h1>Choisissez votre prochain mobile avec confiance<\/h1>\n                        <p>Nous sommes l\u00e0 pour vous aider \u00e0 prendre une d\u00e9cision \u00e9clair\u00e9e en mati\u00e8re de smartphone. Parcourez notre liste compl\u00e8te de mod\u00e8les en fonction de vos besoins.<\/p>\n                        <a href=\"https:\/\/choisir-son-mobile.fr\/?page_id=7\" class=\"btn primary\" >Read more<\/a>\n                    <\/div>\n                    <div class=\"hts-hero-body-image\">\n                        <img decoding=\"async\" src=\"https:\/\/images.unsplash.com\/photo-1522125670776-3c7abb882bc2?crop=entropy\" alt=\"background\" \/>\n                    <\/div>\n                    <div class=\"hts-hero-footer\">\n                        <div class=\"hts-social\">\n                                                                                                                                        <\/div>\n                        <p class=\"hts-title\">Trouvez le smartphone parfait pour vous<\/p>\n                    <\/div>\n                <\/div>\n            <\/div>\n        <\/div>\n    <\/div>\n<\/section><section class=\"hts-section hts-no-border hts-posts hts-featured-post-wrapper\">\n    <div>\n                <div class=\"hts-posts-header\">\n            <h2 class=\"hts-title\">Featured post<\/h2>\n        <\/div>\n                <div class=\"hts-featured-post\">\n            <!-- Post -->\n            <div class=\"hts-post\">\n                <div class=\"hts-image-wrapper\">\n                                        <a href=\"https:\/\/choisir-son-mobile.fr\/?p=22\" class=\"hts-featured-post-link\">\n                        <img decoding=\"async\" src=\"https:\/\/images.unsplash.com\/photo-1592890288564-76628a30a657?crop=entropy\" title=\"Photo by Jonas Leupe\" alt=\"person holding black android smartphone\">                    <\/a>\n                                        <span class=\"hts-unsplash-data\">Photo by <a href=\"https:\/\/unsplash.com\/@jonasleupe?utm_source=hostinger&#038;utm_medium=referral\" rel=\"nofollow\">Jonas Leupe<\/a> on <a href=\"https:\/\/unsplash.com\/?utm_source=hostinger&#038;utm_medium=referral\" rel=\"nofollow\">Unsplash<\/a><\/span>                <\/div>\n                <div class=\"hts-post-details\">\n                    <div class=\"hts-posts-body-header\">\n                        <h2 class=\"hts-title\">Featured post<\/h2>\n                    <\/div>\n                    <div class=\"hts-capsules\">\n                                                                                                                        <a href=\"https:\/\/choisir-son-mobile.fr\/?cat=1\">\n                            <div>Blog<\/div>\n                        <\/a>\n                                                                                            <\/div>\n                                        <a href=\"https:\/\/choisir-son-mobile.fr\/?p=22\">\n                        <h3 class=\"hts-title\">Comment choisir votre prochain smartphone de mani\u00e8re \u00e9clair\u00e9e ?<\/h3>\n                    <\/a>\n                                                            <p class=\"small\">janvier 9, 2024 | by choisir-son-mobile.fr<\/p>\n                                    <\/div>\n            <\/div>\n        <\/div>\n    <\/div>\n<\/section><section class=\"hts-section hts-posts\">\n    <hr class=\"full\">\n    <div>\n        <div class=\"hts-posts-header\">\n            <h2 class=\"hts-title\">Latest posts<\/h2>\n            <a href=\"https:\/\/choisir-son-mobile.fr\/?page_id=10\" class=\"hts-posts-action\">\n                <p>View all<\/p>\n                <img decoding=\"async\" src=\"https:\/\/choisir-son-mobile.fr\/wp-content\/themes\/hostinger-blog\/build\/images\/icon-arrow-right.svg\" alt=\"view all\">\n            <\/a>\n        <\/div>\n        <div class=\"hts-posts-list\">\n                        <div class=\"hts-post hts-large\">\n                                <div class=\"hts-image-wrapper\">\n                                        <a href=\"https:\/\/choisir-son-mobile.fr\/?p=22\" class=\"hts-featured-post-link\">\n                        <img decoding=\"async\" src=\"https:\/\/images.unsplash.com\/photo-1592890288564-76628a30a657?crop=entropy\" title=\"Photo by Jonas Leupe\" alt=\"person holding black android smartphone\">                    <\/a>\n                                        <span class=\"hts-unsplash-data\">Photo by <a href=\"https:\/\/unsplash.com\/@jonasleupe?utm_source=hostinger&#038;utm_medium=referral\" rel=\"nofollow\">Jonas Leupe<\/a> on <a href=\"https:\/\/unsplash.com\/?utm_source=hostinger&#038;utm_medium=referral\" rel=\"nofollow\">Unsplash<\/a><\/span>                <\/div>\n                <div class=\"hts-post-details\">\n                    <div class=\"hts-capsules\">\n                                                                                                                        <a href=\"https:\/\/choisir-son-mobile.fr\/?cat=1\">\n                            <div>Blog<\/div>\n                        <\/a>\n                                                                                            <\/div>\n                    <a href=\"https:\/\/choisir-son-mobile.fr\/?p=22\">\n                        <h3 class=\"hts-title\">Comment choisir votre prochain smartphone de mani\u00e8re \u00e9clair\u00e9e ?<\/h3>\n                    <\/a>\n                                        <p class=\"small\">janvier 9, 2024 | by choisir-son-mobile.fr<\/p>\n                                    <\/div>\n            <\/div>\n                        <div class=\"hts-post \">\n                                <div class=\"hts-image-wrapper\">\n                                        <a href=\"https:\/\/choisir-son-mobile.fr\/?p=20\" class=\"hts-featured-post-link\">\n                        <img decoding=\"async\" src=\"https:\/\/images.unsplash.com\/photo-1637730177972-0bb1d3a05c43?crop=entropy\" title=\"Photo by Roberto Sorin\" alt=\"a close up of many different colored caps\">                    <\/a>\n                                        <span class=\"hts-unsplash-data\">Photo by <a href=\"https:\/\/unsplash.com\/@roberto_sorin?utm_source=hostinger&#038;utm_medium=referral\" rel=\"nofollow\">Roberto Sorin<\/a> on <a href=\"https:\/\/unsplash.com\/?utm_source=hostinger&#038;utm_medium=referral\" rel=\"nofollow\">Unsplash<\/a><\/span>                <\/div>\n                <div class=\"hts-post-details\">\n                    <div class=\"hts-capsules\">\n                                                                                                                        <a href=\"https:\/\/choisir-son-mobile.fr\/?cat=1\">\n                            <div>Blog<\/div>\n                        <\/a>\n                                                                                            <\/div>\n                    <a href=\"https:\/\/choisir-son-mobile.fr\/?p=20\">\n                        <h3 class=\"hts-title\">Comment choisir votre prochain smartphone de fa\u00e7on \u00e9clair\u00e9e ?<\/h3>\n                    <\/a>\n                                        <p class=\"small\">janvier 9, 2024 | by choisir-son-mobile.fr<\/p>\n                                    <\/div>\n            <\/div>\n                    <\/div>\n    <\/div>\n<\/section><section class=\"hts-section hts-newsletter\">\n\t<hr class=\"full\">\n\t<div class=\"wrapper\">\n\t<div>\n\t\t<h3 class=\"hts-title\">Newsletter<\/h3>\n\t\t<p>Subscribe to stay up-to-date with my latest creative projects, insights, and tips.<\/p>\n\t<\/div>\n\t<div class=\"hts-newsletter-block\">\n\t\t<form>\n\t\t\t<input type=\"hidden\" id=\"newsletter_nonce\" name=\"newsletter_nonce\" value=\"074a03ac35\" \/><input type=\"hidden\" name=\"_wp_http_referer\" value=\"\/index.php?rest_route=%2Fwp%2Fv2%2Fpages%2F17\" \/>\t\t\t<label for=\"hts-newsletter-email\">Email<\/label>\n\t\t\t<input type=\"email\"\n\t\t\t       id=\"hts-newsletter-email\"\n\t\t\t       name=\"newsletter_email\"\n\t\t\t       placeholder=\"What\u2019s your email?\">\n\t\t\t<div class=\"validate-message\"><\/div>\n\t\t\t<div class=\"hts-privacy-agree\">\n\t\t\t\t<label class=\"hts-form-control\">\n\t\t\t\t<input type=\"checkbox\" id=\"privacy-policy-checkbox\" name=\"privacy_policy\" required>\n\t\t\t\t<\/label>\n\t\t\t\t<span>\n\t\t\t\t\tI consent to use of my email address for the purpose of receiving newsletters as described in <a href=\"\" target=\"_blank\">Privacy Policy<\/a>, which I have read. I may withdraw my consent at any time.\t\t\t\t<\/span>\n\t\t\t<\/div>\n\t\t\t<input type=\"submit\" class=\"btn primary\" value=\"Subscribe\"\/>\n\t\t<\/form>\n\t<\/div>\n\t<\/div>\n<\/section>","protected":false},"excerpt":{"rendered":"","protected":false},"author":1,"featured_media":0,"parent":0,"menu_order":0,"comment_status":"closed","ping_status":"closed","template":"","meta":{"om_disable_all_campaigns":false,"_monsterinsights_skip_tracking":false,"_monsterinsights_sitenote_active":false,"_monsterinsights_sitenote_note":"","_monsterinsights_sitenote_category":0,"footnotes":""},"aioseo_notices":[],"_links":{"self":[{"href":"https:\/\/choisir-son-mobile.fr\/index.php?rest_route=\/wp\/v2\/pages\/17"}],"collection":[{"href":"https:\/\/choisir-son-mobile.fr\/index.php?rest_route=\/wp\/v2\/pages"}],"about":[{"href":"https:\/\/choisir-son-mobile.fr\/index.php?rest_route=\/wp\/v2\/types\/page"}],"author":[{"embeddable":true,"href":"https:\/\/choisir-son-mobile.fr\/index.php?rest_route=\/wp\/v2\/users\/1"}],"replies":[{"embeddable":true,"href":"https:\/\/choisir-son-mobile.fr\/index.php?rest_route=%2Fwp%2Fv2%2Fcomments&post=17"}],"version-history":[{"count":1,"href":"https:\/\/choisir-son-mobile.fr\/index.php?rest_route=\/wp\/v2\/pages\/17\/revisions"}],"predecessor-version":[{"id":29,"href":"https:\/\/choisir-son-mobile.fr\/index.php?rest_route=\/wp\/v2\/pages\/17\/revisions\/29"}],"wp:attachment":[{"href":"https:\/\/choisir-son-mobile.fr\/index.php?rest_route=%2Fwp%2Fv2%2Fmedia&parent=17"}],"curies":[{"name":"wp","href":"https:\/\/api.w.org\/{rel}","templated":true}]}}